{"id":196613,"date":"2024-02-15T12:33:56","date_gmt":"2024-02-15T10:33:56","guid":{"rendered":"https:\/\/sakulate.ee\/?post_type=product&#038;p=196613"},"modified":"2024-02-15T12:32:57","modified_gmt":"2024-02-15T10:32:57","slug":"%d0%bf%d0%be%d1%80%d0%be%d1%88%d0%be%d0%ba-%d0%b4%d0%bb%d1%8f-%d0%ba%d0%b0%d0%ba%d0%b0%d0%be-%d0%bd%d0%b0%d0%bf%d0%b8%d1%82%d0%ba%d0%b0-wonderful-165-1-%d0%ba%d0%b3","status":"publish","type":"product","link":"https:\/\/sakulate.ee\/ru\/product\/%d0%bf%d0%be%d1%80%d0%be%d1%88%d0%be%d0%ba-%d0%b4%d0%bb%d1%8f-%d0%ba%d0%b0%d0%ba%d0%b0%d0%be-%d0%bd%d0%b0%d0%bf%d0%b8%d1%82%d0%ba%d0%b0-wonderful-165-1-%d0%ba%d0%b3\/","title":{"rendered":"\u041f\u043e\u0440\u043e\u0448\u043e\u043a \u0434\u043b\u044f \u043a\u0430\u043a\u0430\u043e-\u043d\u0430\u043f\u0438\u0442\u043a\u0430 WONDERFUL 16,5 % 1 \u043a\u0433"},"content":{"rendered":"<p>Kakaojoogipulber Wonderful (16,5%) sobib kasutamiseks ka Vending masinates.<\/p>\n<p>Koostisosad:<br \/>\nSuhkur, vadakupulber (<strong>piimast<\/strong>), v\u00e4hendatud rasvasisaldusega kakaopulber (16,5%), gl\u00fckoosisiirup, t\u00e4ielikult h\u00fcdrogeenitud taimerasv (kookosp\u00e4hkel), <strong>piimavalk<\/strong>, paakumisvastane aine (E341, E551), sool, stabilisaatorid (E340, E452), emulgaator (E471), l\u00f5hna- ja maitseained, toiduv\u00e4rv (E160a).<\/p>\n<p>100 g toote kohta:<br \/>\nEnergiasisaldus: 1550 kJ \/ 360 kcal<br \/>\nRasvad: 5,5g, millest k\u00fcllastunud rasvhapped 4,4g<br \/>\nS\u00fcsivesikud: 70g, millest suhkrud 62g<br \/>\nValgud: 8,1g<br \/>\nSool: 1,3g<\/p>\n<p>Toodetud Taanis, tootja FleXoco ApS<\/p>\n","protected":false},"excerpt":{"rendered":"<p>Kakaojoogipulber Wonderful (16,5%) sobib kasutamiseks ka Vending masinates. Koostisosad: Suhkur, vadakupulber (piimast), v\u00e4hendatud rasvasisaldusega kakaopulber (16,5%), gl\u00fckoosisiirup, t\u00e4ielikult h\u00fcdrogeenitud taimerasv (kookosp\u00e4hkel), piimavalk, paakumisvastane aine (E341, E551), sool, stabilisaatorid (E340, E452), emulgaator (E471), l\u00f5hna- ja maitseained, toiduv\u00e4rv (E160a). 100 g toote kohta: Energiasisaldus: 1550 kJ \/ 360 kcal Rasvad: 5,5g, millest k\u00fcllastunud rasvhapped 4,4g S\u00fcsivesikud: 70g, [&hellip;]<\/p>\n","protected":false},"featured_media":196612,"comment_status":"closed","ping_status":"closed","template":"","meta":{"_acf_changed":false,"wp_popup_display_lightbox":0,"wp_popup_suppress":"","wp_popup_trigger":"","wp_popup_trigger_amount":0,"wp_popup_disable_on_mobile":false},"product_brand":[],"product_cat":[230],"product_tag":[],"class_list":{"0":"post-196613","1":"product","2":"type-product","3":"status-publish","4":"has-post-thumbnail","6":"product_cat-230","8":"first","9":"instock","10":"shipping-taxable","11":"purchasable","12":"product-type-simple"},"acf":[],"yoast_head":"<!-- This site is optimized with the Yoast SEO plugin v26.9 - https:\/\/yoast.com\/product\/yoast-seo-wordpress\/ -->\n<title>\u041f\u043e\u0440\u043e\u0448\u043e\u043a \u0434\u043b\u044f \u043a\u0430\u043a\u0430\u043e-\u043d\u0430\u043f\u0438\u0442\u043a\u0430 WONDERFUL 16,5 % 1 \u043a\u0433 | Saku L&auml;te<\/title>\n<meta name=\"description\" content=\"Kakaojoogipulber Wonderful 16,5% 1 kg. Saa m\u00f5nusa kakaonaudingu osaliseks. Sobib kasutamiseks ka Vending masinates\" \/>\n<meta name=\"robots\" content=\"index, follow, max-snippet:-1, max-image-preview:large, max-video-preview:-1\" \/>\n<link rel=\"canonical\" href=\"https:\/\/sakulate.ee\/ru\/product\/\u043f\u043e\u0440\u043e\u0448\u043e\u043a-\u0434\u043b\u044f-\u043a\u0430\u043a\u0430\u043e-\u043d\u0430\u043f\u0438\u0442\u043a\u0430-wonderful-165-1-\u043a\u0433\/\" \/>\n<meta property=\"og:locale\" content=\"ru_RU\" \/>\n<meta property=\"og:type\" content=\"article\" \/>\n<meta property=\"og:title\" content=\"\u041f\u043e\u0440\u043e\u0448\u043e\u043a \u0434\u043b\u044f \u043a\u0430\u043a\u0430\u043e-\u043d\u0430\u043f\u0438\u0442\u043a\u0430 WONDERFUL 16,5 % 1 \u043a\u0433 | Saku L&auml;te\" \/>\n<meta property=\"og:description\" content=\"Kakaojoogipulber Wonderful 16,5% 1 kg. Saa m\u00f5nusa kakaonaudingu osaliseks. Sobib kasutamiseks ka Vending masinates\" \/>\n<meta property=\"og:url\" content=\"https:\/\/sakulate.ee\/ru\/product\/\u043f\u043e\u0440\u043e\u0448\u043e\u043a-\u0434\u043b\u044f-\u043a\u0430\u043a\u0430\u043e-\u043d\u0430\u043f\u0438\u0442\u043a\u0430-wonderful-165-1-\u043a\u0433\/\" \/>\n<meta property=\"og:site_name\" content=\"Saku L&auml;te\" \/>\n<meta property=\"article:publisher\" content=\"https:\/\/www.facebook.com\/sakulatejoogivesi\" \/>\n<meta property=\"og:image\" content=\"https:\/\/sakulate.ee\/wp-content\/uploads\/2024\/02\/Kakao_wonderful_500x600.png\" \/>\n\t<meta property=\"og:image:width\" content=\"500\" \/>\n\t<meta property=\"og:image:height\" content=\"600\" \/>\n\t<meta property=\"og:image:type\" content=\"image\/png\" \/>\n<meta name=\"twitter:card\" content=\"summary_large_image\" \/>\n<meta name=\"twitter:label1\" content=\"\u041f\u0440\u0438\u043c\u0435\u0440\u043d\u043e\u0435 \u0432\u0440\u0435\u043c\u044f \u0434\u043b\u044f \u0447\u0442\u0435\u043d\u0438\u044f\" \/>\n\t<meta name=\"twitter:data1\" content=\"1 \u043c\u0438\u043d\u0443\u0442\u0430\" \/>\n<script type=\"application\/ld+json\" class=\"yoast-schema-graph\">{\"@context\":\"https:\/\/schema.org\",\"@graph\":[{\"@type\":\"WebPage\",\"@id\":\"https:\/\/sakulate.ee\/ru\/product\/%d0%bf%d0%be%d1%80%d0%be%d1%88%d0%be%d0%ba-%d0%b4%d0%bb%d1%8f-%d0%ba%d0%b0%d0%ba%d0%b0%d0%be-%d0%bd%d0%b0%d0%bf%d0%b8%d1%82%d0%ba%d0%b0-wonderful-165-1-%d0%ba%d0%b3\/\",\"url\":\"https:\/\/sakulate.ee\/ru\/product\/%d0%bf%d0%be%d1%80%d0%be%d1%88%d0%be%d0%ba-%d0%b4%d0%bb%d1%8f-%d0%ba%d0%b0%d0%ba%d0%b0%d0%be-%d0%bd%d0%b0%d0%bf%d0%b8%d1%82%d0%ba%d0%b0-wonderful-165-1-%d0%ba%d0%b3\/\",\"name\":\"\u041f\u043e\u0440\u043e\u0448\u043e\u043a \u0434\u043b\u044f \u043a\u0430\u043a\u0430\u043e-\u043d\u0430\u043f\u0438\u0442\u043a\u0430 WONDERFUL 16,5 % 1 \u043a\u0433 | Saku L&auml;te\",\"isPartOf\":{\"@id\":\"https:\/\/sakulate.ee\/#website\"},\"primaryImageOfPage\":{\"@id\":\"https:\/\/sakulate.ee\/ru\/product\/%d0%bf%d0%be%d1%80%d0%be%d1%88%d0%be%d0%ba-%d0%b4%d0%bb%d1%8f-%d0%ba%d0%b0%d0%ba%d0%b0%d0%be-%d0%bd%d0%b0%d0%bf%d0%b8%d1%82%d0%ba%d0%b0-wonderful-165-1-%d0%ba%d0%b3\/#primaryimage\"},\"image\":{\"@id\":\"https:\/\/sakulate.ee\/ru\/product\/%d0%bf%d0%be%d1%80%d0%be%d1%88%d0%be%d0%ba-%d0%b4%d0%bb%d1%8f-%d0%ba%d0%b0%d0%ba%d0%b0%d0%be-%d0%bd%d0%b0%d0%bf%d0%b8%d1%82%d0%ba%d0%b0-wonderful-165-1-%d0%ba%d0%b3\/#primaryimage\"},\"thumbnailUrl\":\"https:\/\/sakulate.ee\/wp-content\/uploads\/2024\/02\/Kakao_wonderful_500x600.png\",\"datePublished\":\"2024-02-15T10:33:56+00:00\",\"description\":\"Kakaojoogipulber Wonderful 16,5% 1 kg. Saa m\u00f5nusa kakaonaudingu osaliseks. Sobib kasutamiseks ka Vending masinates\",\"breadcrumb\":{\"@id\":\"https:\/\/sakulate.ee\/ru\/product\/%d0%bf%d0%be%d1%80%d0%be%d1%88%d0%be%d0%ba-%d0%b4%d0%bb%d1%8f-%d0%ba%d0%b0%d0%ba%d0%b0%d0%be-%d0%bd%d0%b0%d0%bf%d0%b8%d1%82%d0%ba%d0%b0-wonderful-165-1-%d0%ba%d0%b3\/#breadcrumb\"},\"inLanguage\":\"ru-RU\",\"potentialAction\":[{\"@type\":\"ReadAction\",\"target\":[\"https:\/\/sakulate.ee\/ru\/product\/%d0%bf%d0%be%d1%80%d0%be%d1%88%d0%be%d0%ba-%d0%b4%d0%bb%d1%8f-%d0%ba%d0%b0%d0%ba%d0%b0%d0%be-%d0%bd%d0%b0%d0%bf%d0%b8%d1%82%d0%ba%d0%b0-wonderful-165-1-%d0%ba%d0%b3\/\"]}]},{\"@type\":\"ImageObject\",\"inLanguage\":\"ru-RU\",\"@id\":\"https:\/\/sakulate.ee\/ru\/product\/%d0%bf%d0%be%d1%80%d0%be%d1%88%d0%be%d0%ba-%d0%b4%d0%bb%d1%8f-%d0%ba%d0%b0%d0%ba%d0%b0%d0%be-%d0%bd%d0%b0%d0%bf%d0%b8%d1%82%d0%ba%d0%b0-wonderful-165-1-%d0%ba%d0%b3\/#primaryimage\",\"url\":\"https:\/\/sakulate.ee\/wp-content\/uploads\/2024\/02\/Kakao_wonderful_500x600.png\",\"contentUrl\":\"https:\/\/sakulate.ee\/wp-content\/uploads\/2024\/02\/Kakao_wonderful_500x600.png\",\"width\":500,\"height\":600},{\"@type\":\"BreadcrumbList\",\"@id\":\"https:\/\/sakulate.ee\/ru\/product\/%d0%bf%d0%be%d1%80%d0%be%d1%88%d0%be%d0%ba-%d0%b4%d0%bb%d1%8f-%d0%ba%d0%b0%d0%ba%d0%b0%d0%be-%d0%bd%d0%b0%d0%bf%d0%b8%d1%82%d0%ba%d0%b0-wonderful-165-1-%d0%ba%d0%b3\/#breadcrumb\",\"itemListElement\":[{\"@type\":\"ListItem\",\"position\":1,\"name\":\"Home\",\"item\":\"https:\/\/sakulate.ee\/ru\/\"},{\"@type\":\"ListItem\",\"position\":2,\"name\":\"Tooted\",\"item\":\"https:\/\/sakulate.ee\/shop\/\"},{\"@type\":\"ListItem\",\"position\":3,\"name\":\"\u041f\u043e\u0440\u043e\u0448\u043e\u043a \u0434\u043b\u044f \u043a\u0430\u043a\u0430\u043e-\u043d\u0430\u043f\u0438\u0442\u043a\u0430 WONDERFUL 16,5 % 1 \u043a\u0433\"}]},{\"@type\":\"WebSite\",\"@id\":\"https:\/\/sakulate.ee\/#website\",\"url\":\"https:\/\/sakulate.ee\/\",\"name\":\"Saku L&auml;te\",\"description\":\"Saku L&auml;te &ndash; Joogivesi, mis hoolib | Vee- ja kohvilahendused\",\"potentialAction\":[{\"@type\":\"SearchAction\",\"target\":{\"@type\":\"EntryPoint\",\"urlTemplate\":\"https:\/\/sakulate.ee\/?s={search_term_string}\"},\"query-input\":{\"@type\":\"PropertyValueSpecification\",\"valueRequired\":true,\"valueName\":\"search_term_string\"}}],\"inLanguage\":\"ru-RU\"}]}<\/script>\n<!-- \/ Yoast SEO plugin. -->","yoast_head_json":{"title":"\u041f\u043e\u0440\u043e\u0448\u043e\u043a \u0434\u043b\u044f \u043a\u0430\u043a\u0430\u043e-\u043d\u0430\u043f\u0438\u0442\u043a\u0430 WONDERFUL 16,5 % 1 \u043a\u0433 | Saku L&auml;te","description":"Kakaojoogipulber Wonderful 16,5% 1 kg. Saa m\u00f5nusa kakaonaudingu osaliseks. Sobib kasutamiseks ka Vending masinates","robots":{"index":"index","follow":"follow","max-snippet":"max-snippet:-1","max-image-preview":"max-image-preview:large","max-video-preview":"max-video-preview:-1"},"canonical":"https:\/\/sakulate.ee\/ru\/product\/\u043f\u043e\u0440\u043e\u0448\u043e\u043a-\u0434\u043b\u044f-\u043a\u0430\u043a\u0430\u043e-\u043d\u0430\u043f\u0438\u0442\u043a\u0430-wonderful-165-1-\u043a\u0433\/","og_locale":"ru_RU","og_type":"article","og_title":"\u041f\u043e\u0440\u043e\u0448\u043e\u043a \u0434\u043b\u044f \u043a\u0430\u043a\u0430\u043e-\u043d\u0430\u043f\u0438\u0442\u043a\u0430 WONDERFUL 16,5 % 1 \u043a\u0433 | Saku L&auml;te","og_description":"Kakaojoogipulber Wonderful 16,5% 1 kg. Saa m\u00f5nusa kakaonaudingu osaliseks. Sobib kasutamiseks ka Vending masinates","og_url":"https:\/\/sakulate.ee\/ru\/product\/\u043f\u043e\u0440\u043e\u0448\u043e\u043a-\u0434\u043b\u044f-\u043a\u0430\u043a\u0430\u043e-\u043d\u0430\u043f\u0438\u0442\u043a\u0430-wonderful-165-1-\u043a\u0433\/","og_site_name":"Saku L&auml;te","article_publisher":"https:\/\/www.facebook.com\/sakulatejoogivesi","og_image":[{"width":500,"height":600,"url":"https:\/\/sakulate.ee\/wp-content\/uploads\/2024\/02\/Kakao_wonderful_500x600.png","type":"image\/png"}],"twitter_card":"summary_large_image","twitter_misc":{"\u041f\u0440\u0438\u043c\u0435\u0440\u043d\u043e\u0435 \u0432\u0440\u0435\u043c\u044f \u0434\u043b\u044f \u0447\u0442\u0435\u043d\u0438\u044f":"1 \u043c\u0438\u043d\u0443\u0442\u0430"},"schema":{"@context":"https:\/\/schema.org","@graph":[{"@type":"WebPage","@id":"https:\/\/sakulate.ee\/ru\/product\/%d0%bf%d0%be%d1%80%d0%be%d1%88%d0%be%d0%ba-%d0%b4%d0%bb%d1%8f-%d0%ba%d0%b0%d0%ba%d0%b0%d0%be-%d0%bd%d0%b0%d0%bf%d0%b8%d1%82%d0%ba%d0%b0-wonderful-165-1-%d0%ba%d0%b3\/","url":"https:\/\/sakulate.ee\/ru\/product\/%d0%bf%d0%be%d1%80%d0%be%d1%88%d0%be%d0%ba-%d0%b4%d0%bb%d1%8f-%d0%ba%d0%b0%d0%ba%d0%b0%d0%be-%d0%bd%d0%b0%d0%bf%d0%b8%d1%82%d0%ba%d0%b0-wonderful-165-1-%d0%ba%d0%b3\/","name":"\u041f\u043e\u0440\u043e\u0448\u043e\u043a \u0434\u043b\u044f \u043a\u0430\u043a\u0430\u043e-\u043d\u0430\u043f\u0438\u0442\u043a\u0430 WONDERFUL 16,5 % 1 \u043a\u0433 | Saku L&auml;te","isPartOf":{"@id":"https:\/\/sakulate.ee\/#website"},"primaryImageOfPage":{"@id":"https:\/\/sakulate.ee\/ru\/product\/%d0%bf%d0%be%d1%80%d0%be%d1%88%d0%be%d0%ba-%d0%b4%d0%bb%d1%8f-%d0%ba%d0%b0%d0%ba%d0%b0%d0%be-%d0%bd%d0%b0%d0%bf%d0%b8%d1%82%d0%ba%d0%b0-wonderful-165-1-%d0%ba%d0%b3\/#primaryimage"},"image":{"@id":"https:\/\/sakulate.ee\/ru\/product\/%d0%bf%d0%be%d1%80%d0%be%d1%88%d0%be%d0%ba-%d0%b4%d0%bb%d1%8f-%d0%ba%d0%b0%d0%ba%d0%b0%d0%be-%d0%bd%d0%b0%d0%bf%d0%b8%d1%82%d0%ba%d0%b0-wonderful-165-1-%d0%ba%d0%b3\/#primaryimage"},"thumbnailUrl":"https:\/\/sakulate.ee\/wp-content\/uploads\/2024\/02\/Kakao_wonderful_500x600.png","datePublished":"2024-02-15T10:33:56+00:00","description":"Kakaojoogipulber Wonderful 16,5% 1 kg. Saa m\u00f5nusa kakaonaudingu osaliseks. Sobib kasutamiseks ka Vending masinates","breadcrumb":{"@id":"https:\/\/sakulate.ee\/ru\/product\/%d0%bf%d0%be%d1%80%d0%be%d1%88%d0%be%d0%ba-%d0%b4%d0%bb%d1%8f-%d0%ba%d0%b0%d0%ba%d0%b0%d0%be-%d0%bd%d0%b0%d0%bf%d0%b8%d1%82%d0%ba%d0%b0-wonderful-165-1-%d0%ba%d0%b3\/#breadcrumb"},"inLanguage":"ru-RU","potentialAction":[{"@type":"ReadAction","target":["https:\/\/sakulate.ee\/ru\/product\/%d0%bf%d0%be%d1%80%d0%be%d1%88%d0%be%d0%ba-%d0%b4%d0%bb%d1%8f-%d0%ba%d0%b0%d0%ba%d0%b0%d0%be-%d0%bd%d0%b0%d0%bf%d0%b8%d1%82%d0%ba%d0%b0-wonderful-165-1-%d0%ba%d0%b3\/"]}]},{"@type":"ImageObject","inLanguage":"ru-RU","@id":"https:\/\/sakulate.ee\/ru\/product\/%d0%bf%d0%be%d1%80%d0%be%d1%88%d0%be%d0%ba-%d0%b4%d0%bb%d1%8f-%d0%ba%d0%b0%d0%ba%d0%b0%d0%be-%d0%bd%d0%b0%d0%bf%d0%b8%d1%82%d0%ba%d0%b0-wonderful-165-1-%d0%ba%d0%b3\/#primaryimage","url":"https:\/\/sakulate.ee\/wp-content\/uploads\/2024\/02\/Kakao_wonderful_500x600.png","contentUrl":"https:\/\/sakulate.ee\/wp-content\/uploads\/2024\/02\/Kakao_wonderful_500x600.png","width":500,"height":600},{"@type":"BreadcrumbList","@id":"https:\/\/sakulate.ee\/ru\/product\/%d0%bf%d0%be%d1%80%d0%be%d1%88%d0%be%d0%ba-%d0%b4%d0%bb%d1%8f-%d0%ba%d0%b0%d0%ba%d0%b0%d0%be-%d0%bd%d0%b0%d0%bf%d0%b8%d1%82%d0%ba%d0%b0-wonderful-165-1-%d0%ba%d0%b3\/#breadcrumb","itemListElement":[{"@type":"ListItem","position":1,"name":"Home","item":"https:\/\/sakulate.ee\/ru\/"},{"@type":"ListItem","position":2,"name":"Tooted","item":"https:\/\/sakulate.ee\/shop\/"},{"@type":"ListItem","position":3,"name":"\u041f\u043e\u0440\u043e\u0448\u043e\u043a \u0434\u043b\u044f \u043a\u0430\u043a\u0430\u043e-\u043d\u0430\u043f\u0438\u0442\u043a\u0430 WONDERFUL 16,5 % 1 \u043a\u0433"}]},{"@type":"WebSite","@id":"https:\/\/sakulate.ee\/#website","url":"https:\/\/sakulate.ee\/","name":"Saku L&auml;te","description":"Saku L&auml;te &ndash; Joogivesi, mis hoolib | Vee- ja kohvilahendused","potentialAction":[{"@type":"SearchAction","target":{"@type":"EntryPoint","urlTemplate":"https:\/\/sakulate.ee\/?s={search_term_string}"},"query-input":{"@type":"PropertyValueSpecification","valueRequired":true,"valueName":"search_term_string"}}],"inLanguage":"ru-RU"}]}},"_links":{"self":[{"href":"https:\/\/sakulate.ee\/ru\/wp-json\/wp\/v2\/product\/196613","targetHints":{"allow":["GET"]}}],"collection":[{"href":"https:\/\/sakulate.ee\/ru\/wp-json\/wp\/v2\/product"}],"about":[{"href":"https:\/\/sakulate.ee\/ru\/wp-json\/wp\/v2\/types\/product"}],"replies":[{"embeddable":true,"href":"https:\/\/sakulate.ee\/ru\/wp-json\/wp\/v2\/comments?post=196613"}],"wp:featuredmedia":[{"embeddable":true,"href":"https:\/\/sakulate.ee\/ru\/wp-json\/wp\/v2\/media\/196612"}],"wp:attachment":[{"href":"https:\/\/sakulate.ee\/ru\/wp-json\/wp\/v2\/media?parent=196613"}],"wp:term":[{"taxonomy":"product_brand","embeddable":true,"href":"https:\/\/sakulate.ee\/ru\/wp-json\/wp\/v2\/product_brand?post=196613"},{"taxonomy":"product_cat","embeddable":true,"href":"https:\/\/sakulate.ee\/ru\/wp-json\/wp\/v2\/product_cat?post=196613"},{"taxonomy":"product_tag","embeddable":true,"href":"https:\/\/sakulate.ee\/ru\/wp-json\/wp\/v2\/product_tag?post=196613"}],"curies":[{"name":"wp","href":"https:\/\/api.w.org\/{rel}","templated":true}]}}