{"id":17812,"date":"2020-09-22T11:45:27","date_gmt":"2020-09-22T08:45:27","guid":{"rendered":"https:\/\/sakulate.ee\/product\/%d1%81%d1%83%d1%85%d0%b8%d0%b5-%d1%81%d0%bb%d0%b8%d0%b2%d0%ba%d0%b8-royal-750-%d0%b3\/"},"modified":"2023-02-08T19:05:08","modified_gmt":"2023-02-08T17:05:08","slug":"%d0%b7%d0%b0%d0%bc%d0%b5%d0%bd%d0%b8%d1%82%d0%b5%d0%bb%d1%8c-%d1%81%d1%83%d1%85%d0%b8%d1%85-%d1%81%d0%bb%d0%b8%d0%b2%d0%be%d0%ba-royal-750-%d0%b3","status":"publish","type":"product","link":"https:\/\/sakulate.ee\/ru\/product\/%d0%b7%d0%b0%d0%bc%d0%b5%d0%bd%d0%b8%d1%82%d0%b5%d0%bb%d1%8c-%d1%81%d1%83%d1%85%d0%b8%d1%85-%d1%81%d0%bb%d0%b8%d0%b2%d0%be%d0%ba-royal-750-%d0%b3\/","title":{"rendered":"\u0417\u0430\u043c\u0435\u043d\u0438\u0442\u0435\u043b\u044c \u0441\u0443\u0445\u0438\u0445 \u0441\u043b\u0438\u0432\u043e\u043a Royal, 750 \u0433"},"content":{"rendered":"<p>Royal kohvivalgendaja on v\u00e4ga hea lahustuvusega pulbriline alternatiiv piimale. Sobib kasutamiseks Vending masinates.<\/p>\n<p>Koostisosad: gl\u00fckoosisiirup, t\u00e4ielikult h\u00fcdrogeenitud taimerasv (kookosp\u00e4hkel), stabilisaatorid (E340, E452), <strong>piimavalk<\/strong>, emulgaator (E471), paakumisvastane aine (E551), toiduv\u00e4rv (E160a).<\/p>\n<p>100 g toote kohta:<br \/>\nEnergiasisaldus:2200 kJ \/ 550 kcal<br \/>\nRasvad: 30 g, millest k\u00fcllastunud rasvhapped 29 g<br \/>\nS\u00fcsivesikud: 62 g, millest suhkrud 9 g<br \/>\nValgud: 2 g<br \/>\nSool: &lt;0,5 g<\/p>\n<p>Toodetud Rootsis, Le Royal kaubam\u00e4rk, tootja Barry Callebaut Sweden AB<\/p>\n","protected":false},"excerpt":{"rendered":"<p>Royal kohvivalgendaja on v\u00e4ga hea lahustuvusega pulbriline alternatiiv piimale. Sobib kasutamiseks Vending masinates. Koostisosad: gl\u00fckoosisiirup, t\u00e4ielikult h\u00fcdrogeenitud taimerasv (kookosp\u00e4hkel), stabilisaatorid (E340, E452), piimavalk, emulgaator (E471), paakumisvastane aine (E551), toiduv\u00e4rv (E160a). 100 g toote kohta: Energiasisaldus:2200 kJ \/ 550 kcal Rasvad: 30 g, millest k\u00fcllastunud rasvhapped 29 g S\u00fcsivesikud: 62 g, millest suhkrud 9 g Valgud: [&hellip;]<\/p>\n","protected":false},"featured_media":16841,"comment_status":"closed","ping_status":"closed","template":"","meta":{"_acf_changed":false,"wp_popup_display_lightbox":0,"wp_popup_suppress":"","wp_popup_trigger":"","wp_popup_trigger_amount":0,"wp_popup_disable_on_mobile":false},"product_brand":[],"product_cat":[230,238],"product_tag":[],"class_list":{"0":"post-17812","1":"product","2":"type-product","3":"status-publish","4":"has-post-thumbnail","6":"product_cat-230","7":"product_cat-238","9":"first","10":"instock","11":"purchasable","12":"product-type-simple"},"acf":[],"yoast_head":"<!-- This site is optimized with the Yoast SEO plugin v26.9 - https:\/\/yoast.com\/product\/yoast-seo-wordpress\/ -->\n<title>\u0417\u0430\u043c\u0435\u043d\u0438\u0442\u0435\u043b\u044c \u0441\u0443\u0445\u0438\u0445 \u0441\u043b\u0438\u0432\u043e\u043a Royal, 750 \u0433 | Saku L&auml;te<\/title>\n<meta name=\"description\" content=\"\u0417\u0430\u043c\u0435\u043d\u0438\u0442\u0435\u043b\u044c \u0441\u0443\u0445\u0438\u0445 \u0441\u043b\u0438\u0432\u043e\u043a Royal, 750 \u0433\" \/>\n<meta name=\"robots\" content=\"index, follow, max-snippet:-1, max-image-preview:large, max-video-preview:-1\" \/>\n<link rel=\"canonical\" href=\"https:\/\/sakulate.ee\/ru\/product\/\u0437\u0430\u043c\u0435\u043d\u0438\u0442\u0435\u043b\u044c-\u0441\u0443\u0445\u0438\u0445-\u0441\u043b\u0438\u0432\u043e\u043a-royal-750-\u0433\/\" \/>\n<meta property=\"og:locale\" content=\"ru_RU\" \/>\n<meta property=\"og:type\" content=\"article\" \/>\n<meta property=\"og:title\" content=\"\u0417\u0430\u043c\u0435\u043d\u0438\u0442\u0435\u043b\u044c \u0441\u0443\u0445\u0438\u0445 \u0441\u043b\u0438\u0432\u043e\u043a Royal, 750 \u0433 | Saku L&auml;te\" \/>\n<meta property=\"og:description\" content=\"\u0417\u0430\u043c\u0435\u043d\u0438\u0442\u0435\u043b\u044c \u0441\u0443\u0445\u0438\u0445 \u0441\u043b\u0438\u0432\u043e\u043a Royal, 750 \u0433\" \/>\n<meta property=\"og:url\" content=\"https:\/\/sakulate.ee\/ru\/product\/\u0437\u0430\u043c\u0435\u043d\u0438\u0442\u0435\u043b\u044c-\u0441\u0443\u0445\u0438\u0445-\u0441\u043b\u0438\u0432\u043e\u043a-royal-750-\u0433\/\" \/>\n<meta property=\"og:site_name\" content=\"Saku L&auml;te\" \/>\n<meta property=\"article:publisher\" content=\"https:\/\/www.facebook.com\/sakulatejoogivesi\" \/>\n<meta property=\"article:modified_time\" content=\"2023-02-08T17:05:08+00:00\" \/>\n<meta property=\"og:image\" content=\"https:\/\/sakulate.ee\/wp-content\/uploads\/2020\/09\/C-KOORROYAL1-4.png\" \/>\n\t<meta property=\"og:image:width\" content=\"500\" \/>\n\t<meta property=\"og:image:height\" content=\"500\" \/>\n\t<meta property=\"og:image:type\" content=\"image\/png\" \/>\n<meta name=\"twitter:card\" content=\"summary_large_image\" \/>\n<meta name=\"twitter:label1\" content=\"\u041f\u0440\u0438\u043c\u0435\u0440\u043d\u043e\u0435 \u0432\u0440\u0435\u043c\u044f \u0434\u043b\u044f \u0447\u0442\u0435\u043d\u0438\u044f\" \/>\n\t<meta name=\"twitter:data1\" content=\"1 \u043c\u0438\u043d\u0443\u0442\u0430\" \/>\n<script type=\"application\/ld+json\" class=\"yoast-schema-graph\">{\"@context\":\"https:\/\/schema.org\",\"@graph\":[{\"@type\":\"WebPage\",\"@id\":\"https:\/\/sakulate.ee\/ru\/product\/%d0%b7%d0%b0%d0%bc%d0%b5%d0%bd%d0%b8%d1%82%d0%b5%d0%bb%d1%8c-%d1%81%d1%83%d1%85%d0%b8%d1%85-%d1%81%d0%bb%d0%b8%d0%b2%d0%be%d0%ba-royal-750-%d0%b3\/\",\"url\":\"https:\/\/sakulate.ee\/ru\/product\/%d0%b7%d0%b0%d0%bc%d0%b5%d0%bd%d0%b8%d1%82%d0%b5%d0%bb%d1%8c-%d1%81%d1%83%d1%85%d0%b8%d1%85-%d1%81%d0%bb%d0%b8%d0%b2%d0%be%d0%ba-royal-750-%d0%b3\/\",\"name\":\"\u0417\u0430\u043c\u0435\u043d\u0438\u0442\u0435\u043b\u044c \u0441\u0443\u0445\u0438\u0445 \u0441\u043b\u0438\u0432\u043e\u043a Royal, 750 \u0433 | Saku L&auml;te\",\"isPartOf\":{\"@id\":\"https:\/\/sakulate.ee\/#website\"},\"primaryImageOfPage\":{\"@id\":\"https:\/\/sakulate.ee\/ru\/product\/%d0%b7%d0%b0%d0%bc%d0%b5%d0%bd%d0%b8%d1%82%d0%b5%d0%bb%d1%8c-%d1%81%d1%83%d1%85%d0%b8%d1%85-%d1%81%d0%bb%d0%b8%d0%b2%d0%be%d0%ba-royal-750-%d0%b3\/#primaryimage\"},\"image\":{\"@id\":\"https:\/\/sakulate.ee\/ru\/product\/%d0%b7%d0%b0%d0%bc%d0%b5%d0%bd%d0%b8%d1%82%d0%b5%d0%bb%d1%8c-%d1%81%d1%83%d1%85%d0%b8%d1%85-%d1%81%d0%bb%d0%b8%d0%b2%d0%be%d0%ba-royal-750-%d0%b3\/#primaryimage\"},\"thumbnailUrl\":\"https:\/\/sakulate.ee\/wp-content\/uploads\/2020\/09\/C-KOORROYAL1-4.png\",\"datePublished\":\"2020-09-22T08:45:27+00:00\",\"dateModified\":\"2023-02-08T17:05:08+00:00\",\"description\":\"\u0417\u0430\u043c\u0435\u043d\u0438\u0442\u0435\u043b\u044c \u0441\u0443\u0445\u0438\u0445 \u0441\u043b\u0438\u0432\u043e\u043a Royal, 750 \u0433\",\"breadcrumb\":{\"@id\":\"https:\/\/sakulate.ee\/ru\/product\/%d0%b7%d0%b0%d0%bc%d0%b5%d0%bd%d0%b8%d1%82%d0%b5%d0%bb%d1%8c-%d1%81%d1%83%d1%85%d0%b8%d1%85-%d1%81%d0%bb%d0%b8%d0%b2%d0%be%d0%ba-royal-750-%d0%b3\/#breadcrumb\"},\"inLanguage\":\"ru-RU\",\"potentialAction\":[{\"@type\":\"ReadAction\",\"target\":[\"https:\/\/sakulate.ee\/ru\/product\/%d0%b7%d0%b0%d0%bc%d0%b5%d0%bd%d0%b8%d1%82%d0%b5%d0%bb%d1%8c-%d1%81%d1%83%d1%85%d0%b8%d1%85-%d1%81%d0%bb%d0%b8%d0%b2%d0%be%d0%ba-royal-750-%d0%b3\/\"]}]},{\"@type\":\"ImageObject\",\"inLanguage\":\"ru-RU\",\"@id\":\"https:\/\/sakulate.ee\/ru\/product\/%d0%b7%d0%b0%d0%bc%d0%b5%d0%bd%d0%b8%d1%82%d0%b5%d0%bb%d1%8c-%d1%81%d1%83%d1%85%d0%b8%d1%85-%d1%81%d0%bb%d0%b8%d0%b2%d0%be%d0%ba-royal-750-%d0%b3\/#primaryimage\",\"url\":\"https:\/\/sakulate.ee\/wp-content\/uploads\/2020\/09\/C-KOORROYAL1-4.png\",\"contentUrl\":\"https:\/\/sakulate.ee\/wp-content\/uploads\/2020\/09\/C-KOORROYAL1-4.png\",\"width\":500,\"height\":500},{\"@type\":\"BreadcrumbList\",\"@id\":\"https:\/\/sakulate.ee\/ru\/product\/%d0%b7%d0%b0%d0%bc%d0%b5%d0%bd%d0%b8%d1%82%d0%b5%d0%bb%d1%8c-%d1%81%d1%83%d1%85%d0%b8%d1%85-%d1%81%d0%bb%d0%b8%d0%b2%d0%be%d0%ba-royal-750-%d0%b3\/#breadcrumb\",\"itemListElement\":[{\"@type\":\"ListItem\",\"position\":1,\"name\":\"Home\",\"item\":\"https:\/\/sakulate.ee\/ru\/\"},{\"@type\":\"ListItem\",\"position\":2,\"name\":\"Tooted\",\"item\":\"https:\/\/sakulate.ee\/shop\/\"},{\"@type\":\"ListItem\",\"position\":3,\"name\":\"\u0417\u0430\u043c\u0435\u043d\u0438\u0442\u0435\u043b\u044c \u0441\u0443\u0445\u0438\u0445 \u0441\u043b\u0438\u0432\u043e\u043a Royal, 750 \u0433\"}]},{\"@type\":\"WebSite\",\"@id\":\"https:\/\/sakulate.ee\/#website\",\"url\":\"https:\/\/sakulate.ee\/\",\"name\":\"Saku L&auml;te\",\"description\":\"Saku L&auml;te &ndash; Joogivesi, mis hoolib | Vee- ja kohvilahendused\",\"potentialAction\":[{\"@type\":\"SearchAction\",\"target\":{\"@type\":\"EntryPoint\",\"urlTemplate\":\"https:\/\/sakulate.ee\/?s={search_term_string}\"},\"query-input\":{\"@type\":\"PropertyValueSpecification\",\"valueRequired\":true,\"valueName\":\"search_term_string\"}}],\"inLanguage\":\"ru-RU\"}]}<\/script>\n<!-- \/ Yoast SEO plugin. -->","yoast_head_json":{"title":"\u0417\u0430\u043c\u0435\u043d\u0438\u0442\u0435\u043b\u044c \u0441\u0443\u0445\u0438\u0445 \u0441\u043b\u0438\u0432\u043e\u043a Royal, 750 \u0433 | Saku L&auml;te","description":"\u0417\u0430\u043c\u0435\u043d\u0438\u0442\u0435\u043b\u044c \u0441\u0443\u0445\u0438\u0445 \u0441\u043b\u0438\u0432\u043e\u043a Royal, 750 \u0433","robots":{"index":"index","follow":"follow","max-snippet":"max-snippet:-1","max-image-preview":"max-image-preview:large","max-video-preview":"max-video-preview:-1"},"canonical":"https:\/\/sakulate.ee\/ru\/product\/\u0437\u0430\u043c\u0435\u043d\u0438\u0442\u0435\u043b\u044c-\u0441\u0443\u0445\u0438\u0445-\u0441\u043b\u0438\u0432\u043e\u043a-royal-750-\u0433\/","og_locale":"ru_RU","og_type":"article","og_title":"\u0417\u0430\u043c\u0435\u043d\u0438\u0442\u0435\u043b\u044c \u0441\u0443\u0445\u0438\u0445 \u0441\u043b\u0438\u0432\u043e\u043a Royal, 750 \u0433 | Saku L&auml;te","og_description":"\u0417\u0430\u043c\u0435\u043d\u0438\u0442\u0435\u043b\u044c \u0441\u0443\u0445\u0438\u0445 \u0441\u043b\u0438\u0432\u043e\u043a Royal, 750 \u0433","og_url":"https:\/\/sakulate.ee\/ru\/product\/\u0437\u0430\u043c\u0435\u043d\u0438\u0442\u0435\u043b\u044c-\u0441\u0443\u0445\u0438\u0445-\u0441\u043b\u0438\u0432\u043e\u043a-royal-750-\u0433\/","og_site_name":"Saku L&auml;te","article_publisher":"https:\/\/www.facebook.com\/sakulatejoogivesi","article_modified_time":"2023-02-08T17:05:08+00:00","og_image":[{"width":500,"height":500,"url":"https:\/\/sakulate.ee\/wp-content\/uploads\/2020\/09\/C-KOORROYAL1-4.png","type":"image\/png"}],"twitter_card":"summary_large_image","twitter_misc":{"\u041f\u0440\u0438\u043c\u0435\u0440\u043d\u043e\u0435 \u0432\u0440\u0435\u043c\u044f \u0434\u043b\u044f \u0447\u0442\u0435\u043d\u0438\u044f":"1 \u043c\u0438\u043d\u0443\u0442\u0430"},"schema":{"@context":"https:\/\/schema.org","@graph":[{"@type":"WebPage","@id":"https:\/\/sakulate.ee\/ru\/product\/%d0%b7%d0%b0%d0%bc%d0%b5%d0%bd%d0%b8%d1%82%d0%b5%d0%bb%d1%8c-%d1%81%d1%83%d1%85%d0%b8%d1%85-%d1%81%d0%bb%d0%b8%d0%b2%d0%be%d0%ba-royal-750-%d0%b3\/","url":"https:\/\/sakulate.ee\/ru\/product\/%d0%b7%d0%b0%d0%bc%d0%b5%d0%bd%d0%b8%d1%82%d0%b5%d0%bb%d1%8c-%d1%81%d1%83%d1%85%d0%b8%d1%85-%d1%81%d0%bb%d0%b8%d0%b2%d0%be%d0%ba-royal-750-%d0%b3\/","name":"\u0417\u0430\u043c\u0435\u043d\u0438\u0442\u0435\u043b\u044c \u0441\u0443\u0445\u0438\u0445 \u0441\u043b\u0438\u0432\u043e\u043a Royal, 750 \u0433 | Saku L&auml;te","isPartOf":{"@id":"https:\/\/sakulate.ee\/#website"},"primaryImageOfPage":{"@id":"https:\/\/sakulate.ee\/ru\/product\/%d0%b7%d0%b0%d0%bc%d0%b5%d0%bd%d0%b8%d1%82%d0%b5%d0%bb%d1%8c-%d1%81%d1%83%d1%85%d0%b8%d1%85-%d1%81%d0%bb%d0%b8%d0%b2%d0%be%d0%ba-royal-750-%d0%b3\/#primaryimage"},"image":{"@id":"https:\/\/sakulate.ee\/ru\/product\/%d0%b7%d0%b0%d0%bc%d0%b5%d0%bd%d0%b8%d1%82%d0%b5%d0%bb%d1%8c-%d1%81%d1%83%d1%85%d0%b8%d1%85-%d1%81%d0%bb%d0%b8%d0%b2%d0%be%d0%ba-royal-750-%d0%b3\/#primaryimage"},"thumbnailUrl":"https:\/\/sakulate.ee\/wp-content\/uploads\/2020\/09\/C-KOORROYAL1-4.png","datePublished":"2020-09-22T08:45:27+00:00","dateModified":"2023-02-08T17:05:08+00:00","description":"\u0417\u0430\u043c\u0435\u043d\u0438\u0442\u0435\u043b\u044c \u0441\u0443\u0445\u0438\u0445 \u0441\u043b\u0438\u0432\u043e\u043a Royal, 750 \u0433","breadcrumb":{"@id":"https:\/\/sakulate.ee\/ru\/product\/%d0%b7%d0%b0%d0%bc%d0%b5%d0%bd%d0%b8%d1%82%d0%b5%d0%bb%d1%8c-%d1%81%d1%83%d1%85%d0%b8%d1%85-%d1%81%d0%bb%d0%b8%d0%b2%d0%be%d0%ba-royal-750-%d0%b3\/#breadcrumb"},"inLanguage":"ru-RU","potentialAction":[{"@type":"ReadAction","target":["https:\/\/sakulate.ee\/ru\/product\/%d0%b7%d0%b0%d0%bc%d0%b5%d0%bd%d0%b8%d1%82%d0%b5%d0%bb%d1%8c-%d1%81%d1%83%d1%85%d0%b8%d1%85-%d1%81%d0%bb%d0%b8%d0%b2%d0%be%d0%ba-royal-750-%d0%b3\/"]}]},{"@type":"ImageObject","inLanguage":"ru-RU","@id":"https:\/\/sakulate.ee\/ru\/product\/%d0%b7%d0%b0%d0%bc%d0%b5%d0%bd%d0%b8%d1%82%d0%b5%d0%bb%d1%8c-%d1%81%d1%83%d1%85%d0%b8%d1%85-%d1%81%d0%bb%d0%b8%d0%b2%d0%be%d0%ba-royal-750-%d0%b3\/#primaryimage","url":"https:\/\/sakulate.ee\/wp-content\/uploads\/2020\/09\/C-KOORROYAL1-4.png","contentUrl":"https:\/\/sakulate.ee\/wp-content\/uploads\/2020\/09\/C-KOORROYAL1-4.png","width":500,"height":500},{"@type":"BreadcrumbList","@id":"https:\/\/sakulate.ee\/ru\/product\/%d0%b7%d0%b0%d0%bc%d0%b5%d0%bd%d0%b8%d1%82%d0%b5%d0%bb%d1%8c-%d1%81%d1%83%d1%85%d0%b8%d1%85-%d1%81%d0%bb%d0%b8%d0%b2%d0%be%d0%ba-royal-750-%d0%b3\/#breadcrumb","itemListElement":[{"@type":"ListItem","position":1,"name":"Home","item":"https:\/\/sakulate.ee\/ru\/"},{"@type":"ListItem","position":2,"name":"Tooted","item":"https:\/\/sakulate.ee\/shop\/"},{"@type":"ListItem","position":3,"name":"\u0417\u0430\u043c\u0435\u043d\u0438\u0442\u0435\u043b\u044c \u0441\u0443\u0445\u0438\u0445 \u0441\u043b\u0438\u0432\u043e\u043a Royal, 750 \u0433"}]},{"@type":"WebSite","@id":"https:\/\/sakulate.ee\/#website","url":"https:\/\/sakulate.ee\/","name":"Saku L&auml;te","description":"Saku L&auml;te &ndash; Joogivesi, mis hoolib | Vee- ja kohvilahendused","potentialAction":[{"@type":"SearchAction","target":{"@type":"EntryPoint","urlTemplate":"https:\/\/sakulate.ee\/?s={search_term_string}"},"query-input":{"@type":"PropertyValueSpecification","valueRequired":true,"valueName":"search_term_string"}}],"inLanguage":"ru-RU"}]}},"_links":{"self":[{"href":"https:\/\/sakulate.ee\/ru\/wp-json\/wp\/v2\/product\/17812","targetHints":{"allow":["GET"]}}],"collection":[{"href":"https:\/\/sakulate.ee\/ru\/wp-json\/wp\/v2\/product"}],"about":[{"href":"https:\/\/sakulate.ee\/ru\/wp-json\/wp\/v2\/types\/product"}],"replies":[{"embeddable":true,"href":"https:\/\/sakulate.ee\/ru\/wp-json\/wp\/v2\/comments?post=17812"}],"wp:featuredmedia":[{"embeddable":true,"href":"https:\/\/sakulate.ee\/ru\/wp-json\/wp\/v2\/media\/16841"}],"wp:attachment":[{"href":"https:\/\/sakulate.ee\/ru\/wp-json\/wp\/v2\/media?parent=17812"}],"wp:term":[{"taxonomy":"product_brand","embeddable":true,"href":"https:\/\/sakulate.ee\/ru\/wp-json\/wp\/v2\/product_brand?post=17812"},{"taxonomy":"product_cat","embeddable":true,"href":"https:\/\/sakulate.ee\/ru\/wp-json\/wp\/v2\/product_cat?post=17812"},{"taxonomy":"product_tag","embeddable":true,"href":"https:\/\/sakulate.ee\/ru\/wp-json\/wp\/v2\/product_tag?post=17812"}],"curies":[{"name":"wp","href":"https:\/\/api.w.org\/{rel}","templated":true}]}}