{"id":17727,"date":"2020-09-22T11:46:49","date_gmt":"2020-09-22T08:46:49","guid":{"rendered":"https:\/\/sakulate.ee\/product\/giffard-%d1%81%d0%b8%d1%80%d0%be%d0%bf-%d0%b4%d0%bb%d1%8f-%d0%b8%d1%80%d0%bb%d0%b0%d0%bd%d0%b4%d1%81%d0%ba%d0%be%d0%b3%d0%be-%d0%ba%d0%be%d1%84%d0%b5-1-%d0%bb\/"},"modified":"2025-04-01T12:34:26","modified_gmt":"2025-04-01T09:34:26","slug":"giffard-%d1%81%d0%b8%d1%80%d0%be%d0%bf-%d0%b4%d0%bb%d1%8f-%d0%b8%d1%80%d0%bb%d0%b0%d0%bd%d0%b4%d1%81%d0%ba%d0%be%d0%b3%d0%be-%d0%ba%d0%be%d1%84%d0%b5-1-%d0%bb","status":"publish","type":"product","link":"https:\/\/sakulate.ee\/ru\/product\/giffard-%d1%81%d0%b8%d1%80%d0%be%d0%bf-%d0%b4%d0%bb%d1%8f-%d0%b8%d1%80%d0%bb%d0%b0%d0%bd%d0%b4%d1%81%d0%ba%d0%be%d0%b3%d0%be-%d0%ba%d0%be%d1%84%d0%b5-1-%d0%bb\/","title":{"rendered":"GIFFARD \u2013 \u0441\u0438\u0440\u043e\u043f \u0434\u043b\u044f \u0438\u0440\u043b\u0430\u043d\u0434\u0441\u043a\u043e\u0433\u043e \u043a\u043e\u0444\u0435, 1 \u043b"},"content":{"rendered":"<p>Iiri kohvi maitseline siirup sobib kokteilide ja jookide valmistamiseks ning samuti kohvijookide maitsestamiseks.<\/p>\n<p>Koostisosad: suhkur, vesi, l\u00f5hna- ja maitseaine, toiduv\u00e4rv (karamell).<br \/>\nS\u00e4ilitada kuivas ja jahedas, kaitsta valguse eest.<\/p>\n<p>100 g toote kohta:<br \/>\nEnergiasisaldus: 1383 kJ \/ 326 kcal<br \/>\nRasvad: 0 g, millest k\u00fcllastunud rasvhapped 0 g<br \/>\nS\u00fcsivesikud: 80 g, millest suhkrud 80 g<br \/>\nValgud: 0 g<br \/>\nSool: 0 g<\/p>\n<p>Toodetud Prantsusmaal, tootja Giffard<\/p>\n<p>&nbsp;<\/p>\n","protected":false},"excerpt":{"rendered":"<p>Iiri kohvi maitseline siirup sobib kokteilide ja jookide valmistamiseks ning samuti kohvijookide maitsestamiseks. Koostisosad: suhkur, vesi, l\u00f5hna- ja maitseaine, toiduv\u00e4rv (karamell). S\u00e4ilitada kuivas ja jahedas, kaitsta valguse eest. 100 g toote kohta: Energiasisaldus: 1383 kJ \/ 326 kcal Rasvad: 0 g, millest k\u00fcllastunud rasvhapped 0 g S\u00fcsivesikud: 80 g, millest suhkrud 80 g Valgud: 0 [&hellip;]<\/p>\n","protected":false},"featured_media":251085,"comment_status":"closed","ping_status":"closed","template":"","meta":{"_acf_changed":false,"wp_popup_display_lightbox":0,"wp_popup_suppress":"","wp_popup_trigger":"","wp_popup_trigger_amount":0,"wp_popup_disable_on_mobile":false},"product_brand":[],"product_cat":[229],"product_tag":[],"class_list":{"0":"post-17727","1":"product","2":"type-product","3":"status-publish","4":"has-post-thumbnail","6":"product_cat-229","8":"first","9":"instock","10":"purchasable","11":"product-type-simple"},"acf":[],"yoast_head":"<!-- This site is optimized with the Yoast SEO plugin v26.9 - https:\/\/yoast.com\/product\/yoast-seo-wordpress\/ -->\n<title>GIFFARD \u2013 \u0441\u0438\u0440\u043e\u043f \u0434\u043b\u044f \u0438\u0440\u043b\u0430\u043d\u0434\u0441\u043a\u043e\u0433\u043e \u043a\u043e\u0444\u0435, 1 \u043b | Saku L&auml;te<\/title>\n<meta name=\"description\" content=\"GIFFARD \u2013 \u0441\u0438\u0440\u043e\u043f \u0434\u043b\u044f \u0438\u0440\u043b\u0430\u043d\u0434\u0441\u043a\u043e\u0433\u043e \u043a\u043e\u0444\u0435.\" \/>\n<meta name=\"robots\" content=\"index, follow, max-snippet:-1, max-image-preview:large, max-video-preview:-1\" \/>\n<link rel=\"canonical\" href=\"https:\/\/sakulate.ee\/ru\/product\/giffard-\u0441\u0438\u0440\u043e\u043f-\u0434\u043b\u044f-\u0438\u0440\u043b\u0430\u043d\u0434\u0441\u043a\u043e\u0433\u043e-\u043a\u043e\u0444\u0435-1-\u043b\/\" \/>\n<meta property=\"og:locale\" content=\"ru_RU\" \/>\n<meta property=\"og:type\" content=\"article\" \/>\n<meta property=\"og:title\" content=\"GIFFARD \u2013 \u0441\u0438\u0440\u043e\u043f \u0434\u043b\u044f \u0438\u0440\u043b\u0430\u043d\u0434\u0441\u043a\u043e\u0433\u043e \u043a\u043e\u0444\u0435, 1 \u043b | Saku L&auml;te\" \/>\n<meta property=\"og:description\" content=\"GIFFARD \u2013 \u0441\u0438\u0440\u043e\u043f \u0434\u043b\u044f \u0438\u0440\u043b\u0430\u043d\u0434\u0441\u043a\u043e\u0433\u043e \u043a\u043e\u0444\u0435.\" \/>\n<meta property=\"og:url\" content=\"https:\/\/sakulate.ee\/ru\/product\/giffard-\u0441\u0438\u0440\u043e\u043f-\u0434\u043b\u044f-\u0438\u0440\u043b\u0430\u043d\u0434\u0441\u043a\u043e\u0433\u043e-\u043a\u043e\u0444\u0435-1-\u043b\/\" \/>\n<meta property=\"og:site_name\" content=\"Saku L&auml;te\" \/>\n<meta property=\"article:publisher\" content=\"https:\/\/www.facebook.com\/sakulatejoogivesi\" \/>\n<meta property=\"article:modified_time\" content=\"2025-04-01T09:34:26+00:00\" \/>\n<meta property=\"og:image\" content=\"https:\/\/sakulate.ee\/wp-content\/uploads\/2020\/09\/Irish200x200.jpg\" \/>\n\t<meta property=\"og:image:width\" content=\"200\" \/>\n\t<meta property=\"og:image:height\" content=\"200\" \/>\n\t<meta property=\"og:image:type\" content=\"image\/jpeg\" \/>\n<meta name=\"twitter:card\" content=\"summary_large_image\" \/>\n<meta name=\"twitter:label1\" content=\"\u041f\u0440\u0438\u043c\u0435\u0440\u043d\u043e\u0435 \u0432\u0440\u0435\u043c\u044f \u0434\u043b\u044f \u0447\u0442\u0435\u043d\u0438\u044f\" \/>\n\t<meta name=\"twitter:data1\" content=\"1 \u043c\u0438\u043d\u0443\u0442\u0430\" \/>\n<script type=\"application\/ld+json\" class=\"yoast-schema-graph\">{\"@context\":\"https:\/\/schema.org\",\"@graph\":[{\"@type\":\"WebPage\",\"@id\":\"https:\/\/sakulate.ee\/ru\/product\/giffard-%d1%81%d0%b8%d1%80%d0%be%d0%bf-%d0%b4%d0%bb%d1%8f-%d0%b8%d1%80%d0%bb%d0%b0%d0%bd%d0%b4%d1%81%d0%ba%d0%be%d0%b3%d0%be-%d0%ba%d0%be%d1%84%d0%b5-1-%d0%bb\/\",\"url\":\"https:\/\/sakulate.ee\/ru\/product\/giffard-%d1%81%d0%b8%d1%80%d0%be%d0%bf-%d0%b4%d0%bb%d1%8f-%d0%b8%d1%80%d0%bb%d0%b0%d0%bd%d0%b4%d1%81%d0%ba%d0%be%d0%b3%d0%be-%d0%ba%d0%be%d1%84%d0%b5-1-%d0%bb\/\",\"name\":\"GIFFARD \u2013 \u0441\u0438\u0440\u043e\u043f \u0434\u043b\u044f \u0438\u0440\u043b\u0430\u043d\u0434\u0441\u043a\u043e\u0433\u043e \u043a\u043e\u0444\u0435, 1 \u043b | Saku L&auml;te\",\"isPartOf\":{\"@id\":\"https:\/\/sakulate.ee\/#website\"},\"primaryImageOfPage\":{\"@id\":\"https:\/\/sakulate.ee\/ru\/product\/giffard-%d1%81%d0%b8%d1%80%d0%be%d0%bf-%d0%b4%d0%bb%d1%8f-%d0%b8%d1%80%d0%bb%d0%b0%d0%bd%d0%b4%d1%81%d0%ba%d0%be%d0%b3%d0%be-%d0%ba%d0%be%d1%84%d0%b5-1-%d0%bb\/#primaryimage\"},\"image\":{\"@id\":\"https:\/\/sakulate.ee\/ru\/product\/giffard-%d1%81%d0%b8%d1%80%d0%be%d0%bf-%d0%b4%d0%bb%d1%8f-%d0%b8%d1%80%d0%bb%d0%b0%d0%bd%d0%b4%d1%81%d0%ba%d0%be%d0%b3%d0%be-%d0%ba%d0%be%d1%84%d0%b5-1-%d0%bb\/#primaryimage\"},\"thumbnailUrl\":\"https:\/\/sakulate.ee\/wp-content\/uploads\/2020\/09\/Irish200x200.jpg\",\"datePublished\":\"2020-09-22T08:46:49+00:00\",\"dateModified\":\"2025-04-01T09:34:26+00:00\",\"description\":\"GIFFARD \u2013 \u0441\u0438\u0440\u043e\u043f \u0434\u043b\u044f \u0438\u0440\u043b\u0430\u043d\u0434\u0441\u043a\u043e\u0433\u043e \u043a\u043e\u0444\u0435.\",\"breadcrumb\":{\"@id\":\"https:\/\/sakulate.ee\/ru\/product\/giffard-%d1%81%d0%b8%d1%80%d0%be%d0%bf-%d0%b4%d0%bb%d1%8f-%d0%b8%d1%80%d0%bb%d0%b0%d0%bd%d0%b4%d1%81%d0%ba%d0%be%d0%b3%d0%be-%d0%ba%d0%be%d1%84%d0%b5-1-%d0%bb\/#breadcrumb\"},\"inLanguage\":\"ru-RU\",\"potentialAction\":[{\"@type\":\"ReadAction\",\"target\":[\"https:\/\/sakulate.ee\/ru\/product\/giffard-%d1%81%d0%b8%d1%80%d0%be%d0%bf-%d0%b4%d0%bb%d1%8f-%d0%b8%d1%80%d0%bb%d0%b0%d0%bd%d0%b4%d1%81%d0%ba%d0%be%d0%b3%d0%be-%d0%ba%d0%be%d1%84%d0%b5-1-%d0%bb\/\"]}]},{\"@type\":\"ImageObject\",\"inLanguage\":\"ru-RU\",\"@id\":\"https:\/\/sakulate.ee\/ru\/product\/giffard-%d1%81%d0%b8%d1%80%d0%be%d0%bf-%d0%b4%d0%bb%d1%8f-%d0%b8%d1%80%d0%bb%d0%b0%d0%bd%d0%b4%d1%81%d0%ba%d0%be%d0%b3%d0%be-%d0%ba%d0%be%d1%84%d0%b5-1-%d0%bb\/#primaryimage\",\"url\":\"https:\/\/sakulate.ee\/wp-content\/uploads\/2020\/09\/Irish200x200.jpg\",\"contentUrl\":\"https:\/\/sakulate.ee\/wp-content\/uploads\/2020\/09\/Irish200x200.jpg\",\"width\":200,\"height\":200},{\"@type\":\"BreadcrumbList\",\"@id\":\"https:\/\/sakulate.ee\/ru\/product\/giffard-%d1%81%d0%b8%d1%80%d0%be%d0%bf-%d0%b4%d0%bb%d1%8f-%d0%b8%d1%80%d0%bb%d0%b0%d0%bd%d0%b4%d1%81%d0%ba%d0%be%d0%b3%d0%be-%d0%ba%d0%be%d1%84%d0%b5-1-%d0%bb\/#breadcrumb\",\"itemListElement\":[{\"@type\":\"ListItem\",\"position\":1,\"name\":\"Home\",\"item\":\"https:\/\/sakulate.ee\/ru\/\"},{\"@type\":\"ListItem\",\"position\":2,\"name\":\"Tooted\",\"item\":\"https:\/\/sakulate.ee\/shop\/\"},{\"@type\":\"ListItem\",\"position\":3,\"name\":\"GIFFARD \u2013 \u0441\u0438\u0440\u043e\u043f \u0434\u043b\u044f \u0438\u0440\u043b\u0430\u043d\u0434\u0441\u043a\u043e\u0433\u043e \u043a\u043e\u0444\u0435, 1 \u043b\"}]},{\"@type\":\"WebSite\",\"@id\":\"https:\/\/sakulate.ee\/#website\",\"url\":\"https:\/\/sakulate.ee\/\",\"name\":\"Saku L&auml;te\",\"description\":\"Saku L&auml;te &ndash; Joogivesi, mis hoolib | Vee- ja kohvilahendused\",\"potentialAction\":[{\"@type\":\"SearchAction\",\"target\":{\"@type\":\"EntryPoint\",\"urlTemplate\":\"https:\/\/sakulate.ee\/?s={search_term_string}\"},\"query-input\":{\"@type\":\"PropertyValueSpecification\",\"valueRequired\":true,\"valueName\":\"search_term_string\"}}],\"inLanguage\":\"ru-RU\"}]}<\/script>\n<!-- \/ Yoast SEO plugin. -->","yoast_head_json":{"title":"GIFFARD \u2013 \u0441\u0438\u0440\u043e\u043f \u0434\u043b\u044f \u0438\u0440\u043b\u0430\u043d\u0434\u0441\u043a\u043e\u0433\u043e \u043a\u043e\u0444\u0435, 1 \u043b | Saku L&auml;te","description":"GIFFARD \u2013 \u0441\u0438\u0440\u043e\u043f \u0434\u043b\u044f \u0438\u0440\u043b\u0430\u043d\u0434\u0441\u043a\u043e\u0433\u043e \u043a\u043e\u0444\u0435.","robots":{"index":"index","follow":"follow","max-snippet":"max-snippet:-1","max-image-preview":"max-image-preview:large","max-video-preview":"max-video-preview:-1"},"canonical":"https:\/\/sakulate.ee\/ru\/product\/giffard-\u0441\u0438\u0440\u043e\u043f-\u0434\u043b\u044f-\u0438\u0440\u043b\u0430\u043d\u0434\u0441\u043a\u043e\u0433\u043e-\u043a\u043e\u0444\u0435-1-\u043b\/","og_locale":"ru_RU","og_type":"article","og_title":"GIFFARD \u2013 \u0441\u0438\u0440\u043e\u043f \u0434\u043b\u044f \u0438\u0440\u043b\u0430\u043d\u0434\u0441\u043a\u043e\u0433\u043e \u043a\u043e\u0444\u0435, 1 \u043b | Saku L&auml;te","og_description":"GIFFARD \u2013 \u0441\u0438\u0440\u043e\u043f \u0434\u043b\u044f \u0438\u0440\u043b\u0430\u043d\u0434\u0441\u043a\u043e\u0433\u043e \u043a\u043e\u0444\u0435.","og_url":"https:\/\/sakulate.ee\/ru\/product\/giffard-\u0441\u0438\u0440\u043e\u043f-\u0434\u043b\u044f-\u0438\u0440\u043b\u0430\u043d\u0434\u0441\u043a\u043e\u0433\u043e-\u043a\u043e\u0444\u0435-1-\u043b\/","og_site_name":"Saku L&auml;te","article_publisher":"https:\/\/www.facebook.com\/sakulatejoogivesi","article_modified_time":"2025-04-01T09:34:26+00:00","og_image":[{"width":200,"height":200,"url":"https:\/\/sakulate.ee\/wp-content\/uploads\/2020\/09\/Irish200x200.jpg","type":"image\/jpeg"}],"twitter_card":"summary_large_image","twitter_misc":{"\u041f\u0440\u0438\u043c\u0435\u0440\u043d\u043e\u0435 \u0432\u0440\u0435\u043c\u044f \u0434\u043b\u044f \u0447\u0442\u0435\u043d\u0438\u044f":"1 \u043c\u0438\u043d\u0443\u0442\u0430"},"schema":{"@context":"https:\/\/schema.org","@graph":[{"@type":"WebPage","@id":"https:\/\/sakulate.ee\/ru\/product\/giffard-%d1%81%d0%b8%d1%80%d0%be%d0%bf-%d0%b4%d0%bb%d1%8f-%d0%b8%d1%80%d0%bb%d0%b0%d0%bd%d0%b4%d1%81%d0%ba%d0%be%d0%b3%d0%be-%d0%ba%d0%be%d1%84%d0%b5-1-%d0%bb\/","url":"https:\/\/sakulate.ee\/ru\/product\/giffard-%d1%81%d0%b8%d1%80%d0%be%d0%bf-%d0%b4%d0%bb%d1%8f-%d0%b8%d1%80%d0%bb%d0%b0%d0%bd%d0%b4%d1%81%d0%ba%d0%be%d0%b3%d0%be-%d0%ba%d0%be%d1%84%d0%b5-1-%d0%bb\/","name":"GIFFARD \u2013 \u0441\u0438\u0440\u043e\u043f \u0434\u043b\u044f \u0438\u0440\u043b\u0430\u043d\u0434\u0441\u043a\u043e\u0433\u043e \u043a\u043e\u0444\u0435, 1 \u043b | Saku L&auml;te","isPartOf":{"@id":"https:\/\/sakulate.ee\/#website"},"primaryImageOfPage":{"@id":"https:\/\/sakulate.ee\/ru\/product\/giffard-%d1%81%d0%b8%d1%80%d0%be%d0%bf-%d0%b4%d0%bb%d1%8f-%d0%b8%d1%80%d0%bb%d0%b0%d0%bd%d0%b4%d1%81%d0%ba%d0%be%d0%b3%d0%be-%d0%ba%d0%be%d1%84%d0%b5-1-%d0%bb\/#primaryimage"},"image":{"@id":"https:\/\/sakulate.ee\/ru\/product\/giffard-%d1%81%d0%b8%d1%80%d0%be%d0%bf-%d0%b4%d0%bb%d1%8f-%d0%b8%d1%80%d0%bb%d0%b0%d0%bd%d0%b4%d1%81%d0%ba%d0%be%d0%b3%d0%be-%d0%ba%d0%be%d1%84%d0%b5-1-%d0%bb\/#primaryimage"},"thumbnailUrl":"https:\/\/sakulate.ee\/wp-content\/uploads\/2020\/09\/Irish200x200.jpg","datePublished":"2020-09-22T08:46:49+00:00","dateModified":"2025-04-01T09:34:26+00:00","description":"GIFFARD \u2013 \u0441\u0438\u0440\u043e\u043f \u0434\u043b\u044f \u0438\u0440\u043b\u0430\u043d\u0434\u0441\u043a\u043e\u0433\u043e \u043a\u043e\u0444\u0435.","breadcrumb":{"@id":"https:\/\/sakulate.ee\/ru\/product\/giffard-%d1%81%d0%b8%d1%80%d0%be%d0%bf-%d0%b4%d0%bb%d1%8f-%d0%b8%d1%80%d0%bb%d0%b0%d0%bd%d0%b4%d1%81%d0%ba%d0%be%d0%b3%d0%be-%d0%ba%d0%be%d1%84%d0%b5-1-%d0%bb\/#breadcrumb"},"inLanguage":"ru-RU","potentialAction":[{"@type":"ReadAction","target":["https:\/\/sakulate.ee\/ru\/product\/giffard-%d1%81%d0%b8%d1%80%d0%be%d0%bf-%d0%b4%d0%bb%d1%8f-%d0%b8%d1%80%d0%bb%d0%b0%d0%bd%d0%b4%d1%81%d0%ba%d0%be%d0%b3%d0%be-%d0%ba%d0%be%d1%84%d0%b5-1-%d0%bb\/"]}]},{"@type":"ImageObject","inLanguage":"ru-RU","@id":"https:\/\/sakulate.ee\/ru\/product\/giffard-%d1%81%d0%b8%d1%80%d0%be%d0%bf-%d0%b4%d0%bb%d1%8f-%d0%b8%d1%80%d0%bb%d0%b0%d0%bd%d0%b4%d1%81%d0%ba%d0%be%d0%b3%d0%be-%d0%ba%d0%be%d1%84%d0%b5-1-%d0%bb\/#primaryimage","url":"https:\/\/sakulate.ee\/wp-content\/uploads\/2020\/09\/Irish200x200.jpg","contentUrl":"https:\/\/sakulate.ee\/wp-content\/uploads\/2020\/09\/Irish200x200.jpg","width":200,"height":200},{"@type":"BreadcrumbList","@id":"https:\/\/sakulate.ee\/ru\/product\/giffard-%d1%81%d0%b8%d1%80%d0%be%d0%bf-%d0%b4%d0%bb%d1%8f-%d0%b8%d1%80%d0%bb%d0%b0%d0%bd%d0%b4%d1%81%d0%ba%d0%be%d0%b3%d0%be-%d0%ba%d0%be%d1%84%d0%b5-1-%d0%bb\/#breadcrumb","itemListElement":[{"@type":"ListItem","position":1,"name":"Home","item":"https:\/\/sakulate.ee\/ru\/"},{"@type":"ListItem","position":2,"name":"Tooted","item":"https:\/\/sakulate.ee\/shop\/"},{"@type":"ListItem","position":3,"name":"GIFFARD \u2013 \u0441\u0438\u0440\u043e\u043f \u0434\u043b\u044f \u0438\u0440\u043b\u0430\u043d\u0434\u0441\u043a\u043e\u0433\u043e \u043a\u043e\u0444\u0435, 1 \u043b"}]},{"@type":"WebSite","@id":"https:\/\/sakulate.ee\/#website","url":"https:\/\/sakulate.ee\/","name":"Saku L&auml;te","description":"Saku L&auml;te &ndash; Joogivesi, mis hoolib | Vee- ja kohvilahendused","potentialAction":[{"@type":"SearchAction","target":{"@type":"EntryPoint","urlTemplate":"https:\/\/sakulate.ee\/?s={search_term_string}"},"query-input":{"@type":"PropertyValueSpecification","valueRequired":true,"valueName":"search_term_string"}}],"inLanguage":"ru-RU"}]}},"_links":{"self":[{"href":"https:\/\/sakulate.ee\/ru\/wp-json\/wp\/v2\/product\/17727","targetHints":{"allow":["GET"]}}],"collection":[{"href":"https:\/\/sakulate.ee\/ru\/wp-json\/wp\/v2\/product"}],"about":[{"href":"https:\/\/sakulate.ee\/ru\/wp-json\/wp\/v2\/types\/product"}],"replies":[{"embeddable":true,"href":"https:\/\/sakulate.ee\/ru\/wp-json\/wp\/v2\/comments?post=17727"}],"wp:featuredmedia":[{"embeddable":true,"href":"https:\/\/sakulate.ee\/ru\/wp-json\/wp\/v2\/media\/251085"}],"wp:attachment":[{"href":"https:\/\/sakulate.ee\/ru\/wp-json\/wp\/v2\/media?parent=17727"}],"wp:term":[{"taxonomy":"product_brand","embeddable":true,"href":"https:\/\/sakulate.ee\/ru\/wp-json\/wp\/v2\/product_brand?post=17727"},{"taxonomy":"product_cat","embeddable":true,"href":"https:\/\/sakulate.ee\/ru\/wp-json\/wp\/v2\/product_cat?post=17727"},{"taxonomy":"product_tag","embeddable":true,"href":"https:\/\/sakulate.ee\/ru\/wp-json\/wp\/v2\/product_tag?post=17727"}],"curies":[{"name":"wp","href":"https:\/\/api.w.org\/{rel}","templated":true}]}}